{"id":268,"date":"2025-12-05T20:50:22","date_gmt":"2025-12-05T20:50:22","guid":{"rendered":"https:\/\/dietamedica.com.mx\/tienda\/?post_type=product&#038;p=268"},"modified":"2026-03-11T15:16:16","modified_gmt":"2026-03-11T15:16:16","slug":"plan-acido-urico-1500-kcal-3-meses","status":"publish","type":"product","link":"https:\/\/dietamedica.com.mx\/tienda\/product\/plan-acido-urico-1500-kcal-3-meses\/","title":{"rendered":"Plan \u00c1cido \u00darico \u2013 1500 Kcal \u2013 3 meses"},"content":{"rendered":"<p>Reduce los niveles de \u00e1cido \u00farico y previene el dolor articular con este plan de alimentaci\u00f3n descargable de 1500 kcal. Dise\u00f1ado para controlar la acumulaci\u00f3n de cristales y evitar ataques de gota, este plan incluye men\u00fas balanceados con alimentos bajos en purinas, opciones alcalinizantes y una hidrataci\u00f3n adecuada para tu salud.<\/p>\n<p>Perfecto para quienes buscan una soluci\u00f3n pr\u00e1ctica y efectiva para proteger sus articulaciones y mejorar su calidad de vida. Desc\u00e1rgalo ahora y comienza a cuidar tu bienestar integral cada d\u00eda.<\/p>\n<p>Recuerda que en la compra de tu plan de tres meses te incluimos:<\/p>\n<ul>\n<li>Manual de uso de tu plan<\/li>\n<li>Tabla de Equivalencias<\/li>\n<li>Tabla de Fodmap<\/li>\n<li>Lista saludable de s\u00faper<\/li>\n<li>Lista de Snaks<\/li>\n<\/ul>\n","protected":false},"excerpt":{"rendered":"<\/p>\n","protected":false},"featured_media":656,"comment_status":"open","ping_status":"closed","template":"","meta":{"_joinchat":[]},"product_brand":[],"product_cat":[21],"product_tag":[],"class_list":{"0":"post-268","1":"product","2":"type-product","3":"status-publish","4":"has-post-thumbnail","6":"product_cat-enfermedad-metabolica-sistemica","8":"first","9":"instock","10":"downloadable","11":"virtual","12":"purchasable","13":"product-type-simple"},"_links":{"self":[{"href":"https:\/\/dietamedica.com.mx\/tienda\/wp-json\/wp\/v2\/product\/268","targetHints":{"allow":["GET"]}}],"collection":[{"href":"https:\/\/dietamedica.com.mx\/tienda\/wp-json\/wp\/v2\/product"}],"about":[{"href":"https:\/\/dietamedica.com.mx\/tienda\/wp-json\/wp\/v2\/types\/product"}],"replies":[{"embeddable":true,"href":"https:\/\/dietamedica.com.mx\/tienda\/wp-json\/wp\/v2\/comments?post=268"}],"wp:featuredmedia":[{"embeddable":true,"href":"https:\/\/dietamedica.com.mx\/tienda\/wp-json\/wp\/v2\/media\/656"}],"wp:attachment":[{"href":"https:\/\/dietamedica.com.mx\/tienda\/wp-json\/wp\/v2\/media?parent=268"}],"wp:term":[{"taxonomy":"product_brand","embeddable":true,"href":"https:\/\/dietamedica.com.mx\/tienda\/wp-json\/wp\/v2\/product_brand?post=268"},{"taxonomy":"product_cat","embeddable":true,"href":"https:\/\/dietamedica.com.mx\/tienda\/wp-json\/wp\/v2\/product_cat?post=268"},{"taxonomy":"product_tag","embeddable":true,"href":"https:\/\/dietamedica.com.mx\/tienda\/wp-json\/wp\/v2\/product_tag?post=268"}],"curies":[{"name":"wp","href":"https:\/\/api.w.org\/{rel}","templated":true}]}}