{"id":337,"date":"2025-12-05T22:18:46","date_gmt":"2025-12-05T22:18:46","guid":{"rendered":"https:\/\/dietamedica.com.mx\/tienda\/?post_type=product&#038;p=337"},"modified":"2026-03-10T05:03:53","modified_gmt":"2026-03-10T05:03:53","slug":"plan-normal-1200-kcal-3-meses","status":"publish","type":"product","link":"https:\/\/dietamedica.com.mx\/tienda\/product\/plan-normal-1200-kcal-3-meses\/","title":{"rendered":"Plan Normal \u2013 1200 Kcal \u2013 3 meses"},"content":{"rendered":"<p>Mant\u00e9n un estilo de vida saludable y alcanza tu peso ideal con este plan de alimentaci\u00f3n general descargable de 1200 kcal. Dise\u00f1ado para proporcionar todos los nutrientes que tu cuerpo necesita sin restricciones extremas, este plan incluye men\u00fas balanceados con ingredientes variados, naturales y f\u00e1ciles de preparar.<\/p>\n<p>Perfecto para quienes buscan una soluci\u00f3n pr\u00e1ctica y efectiva para organizar sus comidas diarias, mejorar su relaci\u00f3n con la comida y elevar su calidad de vida. Desc\u00e1rgalo ahora y comienza a nutrirte mejor cada d\u00eda.<\/p>\n<p>Recuerda que en la compra de tu plan de tres meses te incluimos:<\/p>\n<ul>\n<li>Manual de uso de tu plan<\/li>\n<li>Tabla de Equivalencias<\/li>\n<li>Tabla de Fodmap<\/li>\n<li>Lista saludable de s\u00faper<\/li>\n<li>Lista de Snaks<\/li>\n<\/ul>\n","protected":false},"excerpt":{"rendered":"<p>Mant\u00e9n un estilo de vida saludable y alcanza tu peso ideal con este plan de alimentaci\u00f3n general descargable de 1200 kcal. Dise\u00f1ado para proporcionar todos los nutrientes que tu cuerpo necesita sin restricciones extremas, este plan incluye men\u00fas balanceados con ingredientes variados, naturales y f\u00e1ciles de preparar. Perfecto para quienes buscan una soluci\u00f3n pr\u00e1ctica y [&hellip;]<\/p>\n","protected":false},"featured_media":656,"comment_status":"open","ping_status":"closed","template":"","meta":{"_joinchat":[]},"product_brand":[],"product_cat":[23],"product_tag":[],"class_list":{"0":"post-337","1":"product","2":"type-product","3":"status-publish","4":"has-post-thumbnail","6":"product_cat-salud-y-nutricion","8":"first","9":"instock","10":"downloadable","11":"virtual","12":"purchasable","13":"product-type-simple"},"_links":{"self":[{"href":"https:\/\/dietamedica.com.mx\/tienda\/wp-json\/wp\/v2\/product\/337","targetHints":{"allow":["GET"]}}],"collection":[{"href":"https:\/\/dietamedica.com.mx\/tienda\/wp-json\/wp\/v2\/product"}],"about":[{"href":"https:\/\/dietamedica.com.mx\/tienda\/wp-json\/wp\/v2\/types\/product"}],"replies":[{"embeddable":true,"href":"https:\/\/dietamedica.com.mx\/tienda\/wp-json\/wp\/v2\/comments?post=337"}],"wp:featuredmedia":[{"embeddable":true,"href":"https:\/\/dietamedica.com.mx\/tienda\/wp-json\/wp\/v2\/media\/656"}],"wp:attachment":[{"href":"https:\/\/dietamedica.com.mx\/tienda\/wp-json\/wp\/v2\/media?parent=337"}],"wp:term":[{"taxonomy":"product_brand","embeddable":true,"href":"https:\/\/dietamedica.com.mx\/tienda\/wp-json\/wp\/v2\/product_brand?post=337"},{"taxonomy":"product_cat","embeddable":true,"href":"https:\/\/dietamedica.com.mx\/tienda\/wp-json\/wp\/v2\/product_cat?post=337"},{"taxonomy":"product_tag","embeddable":true,"href":"https:\/\/dietamedica.com.mx\/tienda\/wp-json\/wp\/v2\/product_tag?post=337"}],"curies":[{"name":"wp","href":"https:\/\/api.w.org\/{rel}","templated":true}]}}