{"id":396,"date":"2025-12-06T22:51:17","date_gmt":"2025-12-06T22:51:17","guid":{"rendered":"https:\/\/dietamedica.com.mx\/tienda\/?post_type=product&#038;p=396"},"modified":"2026-02-21T03:01:45","modified_gmt":"2026-02-21T03:01:45","slug":"plan-estrenimiento-1200-kcal-1-mes","status":"publish","type":"product","link":"https:\/\/dietamedica.com.mx\/tienda\/product\/plan-estrenimiento-1200-kcal-1-mes\/","title":{"rendered":"Plan Estre\u00f1imiento \u2013 1200 Kcal \u2013 1 mes"},"content":{"rendered":"<p>Mejora tu digesti\u00f3n y combate el estre\u00f1imiento con este plan de alimentaci\u00f3n descargable de 1200 kcal. Dise\u00f1ado con alimentos ricos en fibra, hidrataci\u00f3n adecuada y nutrientes esenciales, este plan promueve un tr\u00e1nsito intestinal saludable y el equilibrio digestivo.<\/p>\n<p>Ideal para quienes buscan alivio natural y una alimentaci\u00f3n balanceada que cuide de su bienestar. Desc\u00e1rgalo ahora y transforma tu salud digestiva desde hoy.<\/p>\n<p>Recuerda que en la compra de tu plan de un mes te incluimos:<\/p>\n<ul>\n<li>Manual de uso de tu plan<\/li>\n<li>Tabla de Equivalencias<\/li>\n<\/ul>\n<p>y en la compra de tu plan de 3 meses:<\/p>\n<ul>\n<li>Manual de uso de tu plan<\/li>\n<li>Tabla de Equivalencias<\/li>\n<li>Tabla de Fodmap<\/li>\n<li>Lista saludable de s\u00faper<\/li>\n<li>Lista de Snaks<\/li>\n<\/ul>\n","protected":false},"excerpt":{"rendered":"<div><b>\ud83d\udd25 \u00bfQuieres ahorrar? Conocer nuestro Plan de 3 Meses con descuento. Debajo m\u00e1s informaci\u00f3n<\/b><\/div>\n","protected":false},"featured_media":656,"comment_status":"open","ping_status":"closed","template":"","meta":{"_joinchat":[]},"product_brand":[],"product_cat":[22],"product_tag":[],"class_list":{"0":"post-396","1":"product","2":"type-product","3":"status-publish","4":"has-post-thumbnail","6":"product_cat-enfermedad-digestiva","8":"first","9":"instock","10":"downloadable","11":"virtual","12":"purchasable","13":"product-type-simple"},"_links":{"self":[{"href":"https:\/\/dietamedica.com.mx\/tienda\/wp-json\/wp\/v2\/product\/396","targetHints":{"allow":["GET"]}}],"collection":[{"href":"https:\/\/dietamedica.com.mx\/tienda\/wp-json\/wp\/v2\/product"}],"about":[{"href":"https:\/\/dietamedica.com.mx\/tienda\/wp-json\/wp\/v2\/types\/product"}],"replies":[{"embeddable":true,"href":"https:\/\/dietamedica.com.mx\/tienda\/wp-json\/wp\/v2\/comments?post=396"}],"wp:featuredmedia":[{"embeddable":true,"href":"https:\/\/dietamedica.com.mx\/tienda\/wp-json\/wp\/v2\/media\/656"}],"wp:attachment":[{"href":"https:\/\/dietamedica.com.mx\/tienda\/wp-json\/wp\/v2\/media?parent=396"}],"wp:term":[{"taxonomy":"product_brand","embeddable":true,"href":"https:\/\/dietamedica.com.mx\/tienda\/wp-json\/wp\/v2\/product_brand?post=396"},{"taxonomy":"product_cat","embeddable":true,"href":"https:\/\/dietamedica.com.mx\/tienda\/wp-json\/wp\/v2\/product_cat?post=396"},{"taxonomy":"product_tag","embeddable":true,"href":"https:\/\/dietamedica.com.mx\/tienda\/wp-json\/wp\/v2\/product_tag?post=396"}],"curies":[{"name":"wp","href":"https:\/\/api.w.org\/{rel}","templated":true}]}}