{"id":399,"date":"2025-12-06T22:57:06","date_gmt":"2025-12-06T22:57:06","guid":{"rendered":"https:\/\/dietamedica.com.mx\/tienda\/?post_type=product&#038;p=399"},"modified":"2026-02-21T03:12:52","modified_gmt":"2026-02-21T03:12:52","slug":"plan-hepatitis-aguda-1200-kcal-1-mes","status":"publish","type":"product","link":"https:\/\/dietamedica.com.mx\/tienda\/product\/plan-hepatitis-aguda-1200-kcal-1-mes\/","title":{"rendered":"Plan Hepatitis Aguda \u2013 1200 Kcal \u2013 1 mes"},"content":{"rendered":"<p>Apoya tu recuperaci\u00f3n con este plan de alimentaci\u00f3n descargable de 1200 kcal, dise\u00f1ado espec\u00edficamente para personas con hepatitis aguda. Incluye men\u00fas suaves, nutritivos y f\u00e1ciles de digerir, con alimentos que promueven la salud hep\u00e1tica y ayudan a reducir la inflamaci\u00f3n del h\u00edgado.<\/p>\n<p>Ideal para quienes buscan una dieta balanceada que contribuya a su tratamiento y bienestar general. Desc\u00e1rgalo ahora y comienza a cuidar tu salud desde la alimentaci\u00f3n.<\/p>\n<p>Recuerda que en la compra de tu plan de un mes te incluimos:<\/p>\n<ul>\n<li>Manual de uso de tu plan<\/li>\n<li>Tabla de Equivalencias<\/li>\n<\/ul>\n","protected":false},"excerpt":{"rendered":"<\/p>\n","protected":false},"featured_media":656,"comment_status":"open","ping_status":"closed","template":"","meta":{"_joinchat":[]},"product_brand":[],"product_cat":[22],"product_tag":[],"class_list":{"0":"post-399","1":"product","2":"type-product","3":"status-publish","4":"has-post-thumbnail","6":"product_cat-enfermedad-digestiva","8":"first","9":"instock","10":"downloadable","11":"virtual","12":"purchasable","13":"product-type-simple"},"_links":{"self":[{"href":"https:\/\/dietamedica.com.mx\/tienda\/wp-json\/wp\/v2\/product\/399","targetHints":{"allow":["GET"]}}],"collection":[{"href":"https:\/\/dietamedica.com.mx\/tienda\/wp-json\/wp\/v2\/product"}],"about":[{"href":"https:\/\/dietamedica.com.mx\/tienda\/wp-json\/wp\/v2\/types\/product"}],"replies":[{"embeddable":true,"href":"https:\/\/dietamedica.com.mx\/tienda\/wp-json\/wp\/v2\/comments?post=399"}],"wp:featuredmedia":[{"embeddable":true,"href":"https:\/\/dietamedica.com.mx\/tienda\/wp-json\/wp\/v2\/media\/656"}],"wp:attachment":[{"href":"https:\/\/dietamedica.com.mx\/tienda\/wp-json\/wp\/v2\/media?parent=399"}],"wp:term":[{"taxonomy":"product_brand","embeddable":true,"href":"https:\/\/dietamedica.com.mx\/tienda\/wp-json\/wp\/v2\/product_brand?post=399"},{"taxonomy":"product_cat","embeddable":true,"href":"https:\/\/dietamedica.com.mx\/tienda\/wp-json\/wp\/v2\/product_cat?post=399"},{"taxonomy":"product_tag","embeddable":true,"href":"https:\/\/dietamedica.com.mx\/tienda\/wp-json\/wp\/v2\/product_tag?post=399"}],"curies":[{"name":"wp","href":"https:\/\/api.w.org\/{rel}","templated":true}]}}