{"id":420,"date":"2025-12-07T00:06:16","date_gmt":"2025-12-07T00:06:16","guid":{"rendered":"https:\/\/dietamedica.com.mx\/tienda\/?post_type=product&#038;p=420"},"modified":"2026-03-10T05:05:29","modified_gmt":"2026-03-10T05:05:29","slug":"plan-obesidad-1200-kcal-3-meses","status":"publish","type":"product","link":"https:\/\/dietamedica.com.mx\/tienda\/product\/plan-obesidad-1200-kcal-3-meses\/","title":{"rendered":"Plan Obesidad \u2013 1200 Kcal \u2013 3 meses"},"content":{"rendered":"<p>Da el primer paso hacia una vida m\u00e1s saludable con este plan de alimentaci\u00f3n descargable de 1200 kcal, dise\u00f1ado espec\u00edficamente para ayudarte a combatir la obesidad de manera efectiva. Incluye men\u00fas equilibrados, pr\u00e1cticos y f\u00e1ciles de seguir que promueven la p\u00e9rdida de peso de forma sostenible y saludable.<\/p>\n<p>Aprende a comer de manera consciente y equilibrada mientras disfrutas de una dieta variada que cubre todas tus necesidades nutricionales. Desc\u00e1rgalo ahora y comienza tu camino hacia un bienestar integral.<\/p>\n<p>Recuerda que en la compra de tu plan de tres meses te incluimos:<\/p>\n<ul>\n<li>Manual de uso de tu plan<\/li>\n<li>Tabla de Equivalencias<\/li>\n<li>Tabla de Fodmap<\/li>\n<li>Lista saludable de s\u00faper<\/li>\n<li>Lista de Snaks<\/li>\n<\/ul>\n","protected":false},"excerpt":{"rendered":"<p>\ud83d\udd25 \u00bfQuieres ahorrar? Conocer nuestro Plan de 6 Meses con descuento. Debajo m\u00e1s informaci\u00f3n<\/p>\n","protected":false},"featured_media":656,"comment_status":"open","ping_status":"closed","template":"","meta":{"_joinchat":[]},"product_brand":[],"product_cat":[21],"product_tag":[],"class_list":{"0":"post-420","1":"product","2":"type-product","3":"status-publish","4":"has-post-thumbnail","6":"product_cat-enfermedad-metabolica-sistemica","8":"first","9":"instock","10":"downloadable","11":"virtual","12":"purchasable","13":"product-type-simple"},"_links":{"self":[{"href":"https:\/\/dietamedica.com.mx\/tienda\/wp-json\/wp\/v2\/product\/420","targetHints":{"allow":["GET"]}}],"collection":[{"href":"https:\/\/dietamedica.com.mx\/tienda\/wp-json\/wp\/v2\/product"}],"about":[{"href":"https:\/\/dietamedica.com.mx\/tienda\/wp-json\/wp\/v2\/types\/product"}],"replies":[{"embeddable":true,"href":"https:\/\/dietamedica.com.mx\/tienda\/wp-json\/wp\/v2\/comments?post=420"}],"wp:featuredmedia":[{"embeddable":true,"href":"https:\/\/dietamedica.com.mx\/tienda\/wp-json\/wp\/v2\/media\/656"}],"wp:attachment":[{"href":"https:\/\/dietamedica.com.mx\/tienda\/wp-json\/wp\/v2\/media?parent=420"}],"wp:term":[{"taxonomy":"product_brand","embeddable":true,"href":"https:\/\/dietamedica.com.mx\/tienda\/wp-json\/wp\/v2\/product_brand?post=420"},{"taxonomy":"product_cat","embeddable":true,"href":"https:\/\/dietamedica.com.mx\/tienda\/wp-json\/wp\/v2\/product_cat?post=420"},{"taxonomy":"product_tag","embeddable":true,"href":"https:\/\/dietamedica.com.mx\/tienda\/wp-json\/wp\/v2\/product_tag?post=420"}],"curies":[{"name":"wp","href":"https:\/\/api.w.org\/{rel}","templated":true}]}}