{"id":494,"date":"2025-12-08T22:55:17","date_gmt":"2025-12-08T22:55:17","guid":{"rendered":"https:\/\/dietamedica.com.mx\/tienda\/?post_type=product&#038;p=494"},"modified":"2026-02-28T16:33:34","modified_gmt":"2026-02-28T16:33:34","slug":"plan-hipotiroidismo-1500-kcal-1-mes","status":"publish","type":"product","link":"https:\/\/dietamedica.com.mx\/tienda\/product\/plan-hipotiroidismo-1500-kcal-1-mes\/","title":{"rendered":"Plan Hipotiroidismo \u2013 1500 Kcal \u2013 1 mes"},"content":{"rendered":"<p>Apoya tu metabolismo y mejora tu energ\u00eda con este plan de alimentaci\u00f3n descargable de 1500 kcal, dise\u00f1ado especialmente para personas con hipotiroidismo. Incluye men\u00fas equilibrados con alimentos ricos en nutrientes como selenio, zinc y yodo, esenciales para la funci\u00f3n tiroidea, mientras promueve el control del peso y el bienestar general.<\/p>\n<p>Perfecto para quienes buscan una dieta pr\u00e1ctica y efectiva adaptada a sus necesidades. Desc\u00e1rgalo ahora y comienza a cuidar tu salud desde la alimentaci\u00f3n.<\/p>\n<p>Recuerda que en la compra de tu plan de un mes te incluimos:<\/p>\n<ul>\n<li>Manual de uso de tu plan<\/li>\n<li>Tabla de Equivalencias<\/li>\n<\/ul>\n<p>y en la compra de tu plan de 3 meses:<\/p>\n<ul>\n<li>Manual de uso de tu plan<\/li>\n<li>Tabla de Equivalencias<\/li>\n<li>Tabla de Fodmap<\/li>\n<li>Lista saludable de s\u00faper<\/li>\n<li>Lista de Snaks<\/li>\n<\/ul>\n","protected":false},"excerpt":{"rendered":"<div draggable=\"false\" data-pm-slice=\"1 1 []\" data-en-clipboard=\"true\"><b>\ud83d\udd25 \u00bfQuieres ahorrar? Conocer nuestro Plan de 3 Meses con descuento. Debajo m\u00e1s informaci\u00f3n<\/b><\/div>\n","protected":false},"featured_media":656,"comment_status":"open","ping_status":"closed","template":"","meta":{"_joinchat":[]},"product_brand":[],"product_cat":[21],"product_tag":[],"class_list":{"0":"post-494","1":"product","2":"type-product","3":"status-publish","4":"has-post-thumbnail","6":"product_cat-enfermedad-metabolica-sistemica","8":"first","9":"instock","10":"downloadable","11":"virtual","12":"purchasable","13":"product-type-simple"},"_links":{"self":[{"href":"https:\/\/dietamedica.com.mx\/tienda\/wp-json\/wp\/v2\/product\/494","targetHints":{"allow":["GET"]}}],"collection":[{"href":"https:\/\/dietamedica.com.mx\/tienda\/wp-json\/wp\/v2\/product"}],"about":[{"href":"https:\/\/dietamedica.com.mx\/tienda\/wp-json\/wp\/v2\/types\/product"}],"replies":[{"embeddable":true,"href":"https:\/\/dietamedica.com.mx\/tienda\/wp-json\/wp\/v2\/comments?post=494"}],"wp:featuredmedia":[{"embeddable":true,"href":"https:\/\/dietamedica.com.mx\/tienda\/wp-json\/wp\/v2\/media\/656"}],"wp:attachment":[{"href":"https:\/\/dietamedica.com.mx\/tienda\/wp-json\/wp\/v2\/media?parent=494"}],"wp:term":[{"taxonomy":"product_brand","embeddable":true,"href":"https:\/\/dietamedica.com.mx\/tienda\/wp-json\/wp\/v2\/product_brand?post=494"},{"taxonomy":"product_cat","embeddable":true,"href":"https:\/\/dietamedica.com.mx\/tienda\/wp-json\/wp\/v2\/product_cat?post=494"},{"taxonomy":"product_tag","embeddable":true,"href":"https:\/\/dietamedica.com.mx\/tienda\/wp-json\/wp\/v2\/product_tag?post=494"}],"curies":[{"name":"wp","href":"https:\/\/api.w.org\/{rel}","templated":true}]}}