{"id":497,"date":"2025-12-08T23:02:50","date_gmt":"2025-12-08T23:02:50","guid":{"rendered":"https:\/\/dietamedica.com.mx\/tienda\/?post_type=product&#038;p=497"},"modified":"2026-03-11T15:42:48","modified_gmt":"2026-03-11T15:42:48","slug":"plan-libre-de-fodmaps-1500-kcal-3-meses","status":"publish","type":"product","link":"https:\/\/dietamedica.com.mx\/tienda\/product\/plan-libre-de-fodmaps-1500-kcal-3-meses\/","title":{"rendered":"Plan Libre de Fodmaps \u2013 1500 Kcal \u2013 3 meses"},"content":{"rendered":"<p>Alivia los s\u00edntomas de la sensibilidad digestiva con este plan de alimentaci\u00f3n descargable de 1500 kcal bajo en FODMAPs. Dise\u00f1ado para identificar y reducir los carbohidratos de cadena corta que causan fermentaci\u00f3n, este plan incluye men\u00fas balanceados con ingredientes que previenen la distensi\u00f3n, los gases y el malestar intestinal.<\/p>\n<p>Perfecto para quienes buscan una soluci\u00f3n pr\u00e1ctica y efectiva para resetear su sistema digestivo y mejorar su calidad de vida. Desc\u00e1rgalo ahora y comienza a descubrir qu\u00e9 alimentos te hacen sentir bien cada d\u00eda.<\/p>\n<p>Recuerda que en la compra de tu plan de tres meses te incluimos:<\/p>\n<ul>\n<li>Manual de uso de tu plan<\/li>\n<li>Tabla de Equivalencias<\/li>\n<li>Tabla de Fodmap<\/li>\n<li>Lista saludable de s\u00faper<\/li>\n<li>Lista de Snaks<\/li>\n<\/ul>\n","protected":false},"excerpt":{"rendered":"<\/p>\n","protected":false},"featured_media":656,"comment_status":"open","ping_status":"closed","template":"","meta":{"_joinchat":[]},"product_brand":[],"product_cat":[23],"product_tag":[],"class_list":{"0":"post-497","1":"product","2":"type-product","3":"status-publish","4":"has-post-thumbnail","6":"product_cat-salud-y-nutricion","8":"first","9":"instock","10":"downloadable","11":"virtual","12":"purchasable","13":"product-type-simple"},"_links":{"self":[{"href":"https:\/\/dietamedica.com.mx\/tienda\/wp-json\/wp\/v2\/product\/497","targetHints":{"allow":["GET"]}}],"collection":[{"href":"https:\/\/dietamedica.com.mx\/tienda\/wp-json\/wp\/v2\/product"}],"about":[{"href":"https:\/\/dietamedica.com.mx\/tienda\/wp-json\/wp\/v2\/types\/product"}],"replies":[{"embeddable":true,"href":"https:\/\/dietamedica.com.mx\/tienda\/wp-json\/wp\/v2\/comments?post=497"}],"wp:featuredmedia":[{"embeddable":true,"href":"https:\/\/dietamedica.com.mx\/tienda\/wp-json\/wp\/v2\/media\/656"}],"wp:attachment":[{"href":"https:\/\/dietamedica.com.mx\/tienda\/wp-json\/wp\/v2\/media?parent=497"}],"wp:term":[{"taxonomy":"product_brand","embeddable":true,"href":"https:\/\/dietamedica.com.mx\/tienda\/wp-json\/wp\/v2\/product_brand?post=497"},{"taxonomy":"product_cat","embeddable":true,"href":"https:\/\/dietamedica.com.mx\/tienda\/wp-json\/wp\/v2\/product_cat?post=497"},{"taxonomy":"product_tag","embeddable":true,"href":"https:\/\/dietamedica.com.mx\/tienda\/wp-json\/wp\/v2\/product_tag?post=497"}],"curies":[{"name":"wp","href":"https:\/\/api.w.org\/{rel}","templated":true}]}}