{"id":621,"date":"2025-12-09T20:28:52","date_gmt":"2025-12-09T20:28:52","guid":{"rendered":"https:\/\/dietamedica.com.mx\/tienda\/?post_type=product&#038;p=621"},"modified":"2026-03-04T20:52:40","modified_gmt":"2026-03-04T20:52:40","slug":"plan-prequirurgico-1500-kcal-1-mes","status":"publish","type":"product","link":"https:\/\/dietamedica.com.mx\/tienda\/product\/plan-prequirurgico-1500-kcal-1-mes\/","title":{"rendered":"Plan Prequir\u00fargico \u2013 1500 Kcal \u2013 1 mes"},"content":{"rendered":"<p>Prep\u00e1rate para tu cirug\u00eda con este plan de alimentaci\u00f3n descargable de 1500 kcal, dise\u00f1ado para fortalecer tu cuerpo y optimizar tu estado nutricional antes del procedimiento. Incluye men\u00fas balanceados ricos en prote\u00ednas, vitaminas y minerales esenciales que ayudan a fortalecer el sistema inmunol\u00f3gico y a mejorar la recuperaci\u00f3n postoperatoria.<\/p>\n<p>Ideal para quienes buscan una preparaci\u00f3n efectiva y saludable antes de una intervenci\u00f3n quir\u00fargica. Desc\u00e1rgalo ahora y cuida de tu salud desde la alimentaci\u00f3n.<\/p>\n<p>Recuerda que en la compra de tu plan de un mes te incluimos:<\/p>\n<ul>\n<li>Manual de uso de tu plan<\/li>\n<li>Tabla de Equivalencias<\/li>\n<\/ul>\n<p>y en la compra de tu plan de 3 meses:<\/p>\n<ul>\n<li>Manual de uso de tu plan<\/li>\n<li>Tabla de Equivalencias<\/li>\n<li>Tabla de Fodmap<\/li>\n<li>Lista saludable de s\u00faper<\/li>\n<li>Lista de Snaks<\/li>\n<\/ul>\n","protected":false},"excerpt":{"rendered":"<div draggable=\"false\" data-pm-slice=\"1 1 []\" data-en-clipboard=\"true\"><b>\ud83d\udd25 \u00bfQuieres ahorrar? Conocer nuestro Plan de 3 Meses con descuento. Debajo m\u00e1s informaci\u00f3n<\/b><\/div>\n","protected":false},"featured_media":656,"comment_status":"open","ping_status":"closed","template":"","meta":{"_joinchat":[]},"product_brand":[],"product_cat":[23],"product_tag":[],"class_list":{"0":"post-621","1":"product","2":"type-product","3":"status-publish","4":"has-post-thumbnail","6":"product_cat-salud-y-nutricion","8":"first","9":"instock","10":"downloadable","11":"virtual","12":"purchasable","13":"product-type-simple"},"_links":{"self":[{"href":"https:\/\/dietamedica.com.mx\/tienda\/wp-json\/wp\/v2\/product\/621","targetHints":{"allow":["GET"]}}],"collection":[{"href":"https:\/\/dietamedica.com.mx\/tienda\/wp-json\/wp\/v2\/product"}],"about":[{"href":"https:\/\/dietamedica.com.mx\/tienda\/wp-json\/wp\/v2\/types\/product"}],"replies":[{"embeddable":true,"href":"https:\/\/dietamedica.com.mx\/tienda\/wp-json\/wp\/v2\/comments?post=621"}],"wp:featuredmedia":[{"embeddable":true,"href":"https:\/\/dietamedica.com.mx\/tienda\/wp-json\/wp\/v2\/media\/656"}],"wp:attachment":[{"href":"https:\/\/dietamedica.com.mx\/tienda\/wp-json\/wp\/v2\/media?parent=621"}],"wp:term":[{"taxonomy":"product_brand","embeddable":true,"href":"https:\/\/dietamedica.com.mx\/tienda\/wp-json\/wp\/v2\/product_brand?post=621"},{"taxonomy":"product_cat","embeddable":true,"href":"https:\/\/dietamedica.com.mx\/tienda\/wp-json\/wp\/v2\/product_cat?post=621"},{"taxonomy":"product_tag","embeddable":true,"href":"https:\/\/dietamedica.com.mx\/tienda\/wp-json\/wp\/v2\/product_tag?post=621"}],"curies":[{"name":"wp","href":"https:\/\/api.w.org\/{rel}","templated":true}]}}