{"id":764,"date":"2025-12-19T18:44:31","date_gmt":"2025-12-19T18:44:31","guid":{"rendered":"https:\/\/dietamedica.com.mx\/tienda\/?post_type=product&#038;p=764"},"modified":"2026-03-10T05:17:18","modified_gmt":"2026-03-10T05:17:18","slug":"plan-colitis-mas-sufro-diarrea-1200-kcal-1-mes","status":"publish","type":"product","link":"https:\/\/dietamedica.com.mx\/tienda\/product\/plan-colitis-mas-sufro-diarrea-1200-kcal-1-mes\/","title":{"rendered":"Plan Colitis m\u00e1s sufro diarrea &#8211; 1200 Kcal &#8211; 1 mes"},"content":{"rendered":"<p>Controla las evacuaciones frecuentes y recupera tu firmeza intestinal con este plan de alimentaci\u00f3n descargable de 1200 kcal dise\u00f1ado para colitis con diarrea. Enfocado en reducir la irritaci\u00f3n del colon y mejorar la absorci\u00f3n de nutrientes, este plan incluye men\u00fas balanceados con alimentos astringentes, bajos en residuo y suaves para tu sistema digestivo.<\/p>\n<p>Perfecto para quienes buscan una soluci\u00f3n pr\u00e1ctica y efectiva para detener las molestias constantes y mejorar su calidad de vida. Desc\u00e1rgalo ahora y comienza a sentirte m\u00e1s seguro y en equilibrio cada d\u00eda.<\/p>\n<p>Recuerda que en la compra de tu plan de un mes te incluimos:<\/p>\n<ul>\n<li>Manual de uso de tu plan<\/li>\n<li>Tabla de Equivalencias<\/li>\n<\/ul>\n<p>y en la compra de tu plan de tres meses:<\/p>\n<ul>\n<li>Manual de uso de tu plan<\/li>\n<li>Tabla de Equivalencias<\/li>\n<li>Tabla de Fodmap<\/li>\n<li>Lista saludable de s\u00faper<\/li>\n<li>Lista de Snaks<\/li>\n<\/ul>\n","protected":false},"excerpt":{"rendered":"<div draggable=\"false\" data-pm-slice=\"1 1 []\" data-en-clipboard=\"true\"><b>\ud83d\udd25 \u00bfQuieres ahorrar? Conocer nuestro Plan de 3 Meses con descuento. Debajo m\u00e1s informaci\u00f3n<\/b><\/div>\n","protected":false},"featured_media":656,"comment_status":"open","ping_status":"closed","template":"","meta":{"_joinchat":[]},"product_brand":[],"product_cat":[22],"product_tag":[],"class_list":{"0":"post-764","1":"product","2":"type-product","3":"status-publish","4":"has-post-thumbnail","6":"product_cat-enfermedad-digestiva","8":"first","9":"instock","10":"downloadable","11":"virtual","12":"purchasable","13":"product-type-simple"},"_links":{"self":[{"href":"https:\/\/dietamedica.com.mx\/tienda\/wp-json\/wp\/v2\/product\/764","targetHints":{"allow":["GET"]}}],"collection":[{"href":"https:\/\/dietamedica.com.mx\/tienda\/wp-json\/wp\/v2\/product"}],"about":[{"href":"https:\/\/dietamedica.com.mx\/tienda\/wp-json\/wp\/v2\/types\/product"}],"replies":[{"embeddable":true,"href":"https:\/\/dietamedica.com.mx\/tienda\/wp-json\/wp\/v2\/comments?post=764"}],"wp:featuredmedia":[{"embeddable":true,"href":"https:\/\/dietamedica.com.mx\/tienda\/wp-json\/wp\/v2\/media\/656"}],"wp:attachment":[{"href":"https:\/\/dietamedica.com.mx\/tienda\/wp-json\/wp\/v2\/media?parent=764"}],"wp:term":[{"taxonomy":"product_brand","embeddable":true,"href":"https:\/\/dietamedica.com.mx\/tienda\/wp-json\/wp\/v2\/product_brand?post=764"},{"taxonomy":"product_cat","embeddable":true,"href":"https:\/\/dietamedica.com.mx\/tienda\/wp-json\/wp\/v2\/product_cat?post=764"},{"taxonomy":"product_tag","embeddable":true,"href":"https:\/\/dietamedica.com.mx\/tienda\/wp-json\/wp\/v2\/product_tag?post=764"}],"curies":[{"name":"wp","href":"https:\/\/api.w.org\/{rel}","templated":true}]}}