{"id":87,"date":"2025-12-02T23:12:48","date_gmt":"2025-12-02T23:12:48","guid":{"rendered":"https:\/\/dietamedica.com.mx\/tienda\/?post_type=product&#038;p=87"},"modified":"2026-02-28T16:55:44","modified_gmt":"2026-02-28T16:55:44","slug":"plan-diabetes-1200-kcal-3-meses","status":"publish","type":"product","link":"https:\/\/dietamedica.com.mx\/tienda\/product\/plan-diabetes-1200-kcal-3-meses\/","title":{"rendered":"Plan Diabetes \u2013 1200 Kcal \u2013 3 meses"},"content":{"rendered":"<p>Mant\u00e9n el control de tus niveles de az\u00facar en sangre con este plan de alimentaci\u00f3n descargable de 1200 kcal. Dise\u00f1ado espec\u00edficamente para personas con diabetes, este plan incluye men\u00fas balanceados que estabilizan la glucosa, aportan energ\u00eda y promueven una nutrici\u00f3n completa con alimentos bajos en \u00edndice gluc\u00e9mico.<\/p>\n<p>Perfecto para quienes buscan mejorar su calidad de vida a trav\u00e9s de una alimentaci\u00f3n saludable y pr\u00e1ctica. Desc\u00e1rgalo ahora y cuida de tu bienestar cada d\u00eda.<\/p>\n<p>Recuerda que en la compra de tu plan de tres meses te incluimos:<\/p>\n<ul>\n<li>Manual de uso de tu plan<\/li>\n<li>Tabla de Equivalencias<\/li>\n<li>Tabla de Fodmap<\/li>\n<li>Lista saludable de s\u00faper<\/li>\n<li>Lista de Snaks<\/li>\n<\/ul>\n","protected":false},"excerpt":{"rendered":"<\/p>\n","protected":false},"featured_media":656,"comment_status":"open","ping_status":"closed","template":"","meta":{"_joinchat":[]},"product_brand":[],"product_cat":[21],"product_tag":[],"class_list":{"0":"post-87","1":"product","2":"type-product","3":"status-publish","4":"has-post-thumbnail","6":"product_cat-enfermedad-metabolica-sistemica","8":"first","9":"instock","10":"downloadable","11":"virtual","12":"purchasable","13":"product-type-simple"},"_links":{"self":[{"href":"https:\/\/dietamedica.com.mx\/tienda\/wp-json\/wp\/v2\/product\/87","targetHints":{"allow":["GET"]}}],"collection":[{"href":"https:\/\/dietamedica.com.mx\/tienda\/wp-json\/wp\/v2\/product"}],"about":[{"href":"https:\/\/dietamedica.com.mx\/tienda\/wp-json\/wp\/v2\/types\/product"}],"replies":[{"embeddable":true,"href":"https:\/\/dietamedica.com.mx\/tienda\/wp-json\/wp\/v2\/comments?post=87"}],"wp:featuredmedia":[{"embeddable":true,"href":"https:\/\/dietamedica.com.mx\/tienda\/wp-json\/wp\/v2\/media\/656"}],"wp:attachment":[{"href":"https:\/\/dietamedica.com.mx\/tienda\/wp-json\/wp\/v2\/media?parent=87"}],"wp:term":[{"taxonomy":"product_brand","embeddable":true,"href":"https:\/\/dietamedica.com.mx\/tienda\/wp-json\/wp\/v2\/product_brand?post=87"},{"taxonomy":"product_cat","embeddable":true,"href":"https:\/\/dietamedica.com.mx\/tienda\/wp-json\/wp\/v2\/product_cat?post=87"},{"taxonomy":"product_tag","embeddable":true,"href":"https:\/\/dietamedica.com.mx\/tienda\/wp-json\/wp\/v2\/product_tag?post=87"}],"curies":[{"name":"wp","href":"https:\/\/api.w.org\/{rel}","templated":true}]}}